{"id":278,"date":"2025-10-02T12:00:23","date_gmt":"2025-10-02T10:00:23","guid":{"rendered":"http:\/\/localhost:8888\/wordpress\/?page_id=278"},"modified":"2025-10-16T14:33:24","modified_gmt":"2025-10-16T12:33:24","slug":"programs","status":"publish","type":"page","link":"https:\/\/karate-zentrum-pforzheim.de\/index.php\/programs\/","title":{"rendered":"Programme"},"content":{"rendered":"<div class=\"wpb-content-wrapper\"><p>[vc_row css=&#8220;.vc_custom_1479126491885{padding-bottom: 4.8em !important;}&#8220;][vc_column]<div  id=\"sc_services_160981627\" class=\"sc_services sc_services_imaged\" data-slides-per-view=\"3\" data-slides-min-width=\"200\"\t\t>\n\t\t<h6 class=\"sc_item_subtitle sc_services_subtitle sc_align_center sc_item_title_style_default\">W\u00e4hle Dein Training<\/h6><h3 class=\"sc_item_title sc_services_title sc_align_center sc_item_title_style_default\">Trainings-Programme<\/h3><div class=\"sc_services_columns sc_item_columns trx_addons_columns_wrap columns_padding_bottom\"><div class=\"trx_addons_column-1_3\"><div class=\"sc_services_item with_icon sc_services_item_featured_top\">\n<div class=\"post_featured with_thumb hover_dots sc_services_item_thumb\"><img loading=\"lazy\" decoding=\"async\" width=\"370\" height=\"235\" src=\"https:\/\/karate-zentrum-pforzheim.de\/wp-content\/uploads\/2016\/11\/shotokan_karate-370x235.png\" class=\"attachment-samurai_school-thumb-med size-samurai_school-thumb-med wp-post-image\" alt=\"Shotokan Karate\" \/><div class=\"mask\"><\/div><a href=\"https:\/\/karate-zentrum-pforzheim.de\/index.php\/services\/traditionelles-karate\/\" aria-hidden=\"true\" class=\"icons\"><span><\/span><span><\/span><span><\/span><\/a><\/div>\t<div class=\"sc_services_item_info\">\n\t\t<div class=\"sc_services_item_header\">\n\t\t\t<h4 class=\"sc_services_item_title\"><a href=\"https:\/\/karate-zentrum-pforzheim.de\/index.php\/services\/traditionelles-karate\/\">Shotokan Karate<\/a><\/h4>\n\t\t<\/div>\n\t\t\t\t\t<div class=\"sc_services_item_content\"><p>Traditionelles Karate legt den Schwerpunkt auf die pers\u00f6nliche Entwicklung.<\/p>\n<\/div>\t\t\t\t\t<div class=\"sc_services_item_button sc_item_button\"><a href=\"https:\/\/karate-zentrum-pforzheim.de\/index.php\/services\/traditionelles-karate\/\" class=\"sc_button sc_button_default sc_button_size_normal\">Mehr Infos<\/a><\/div>\n\n\t<\/div>\n<\/div>\n<\/div><div class=\"trx_addons_column-1_3\"><div class=\"sc_services_item with_icon sc_services_item_featured_top\">\n<div class=\"post_featured with_thumb hover_dots sc_services_item_thumb\"><img loading=\"lazy\" decoding=\"async\" width=\"370\" height=\"235\" src=\"https:\/\/karate-zentrum-pforzheim.de\/wp-content\/uploads\/2016\/11\/Sauna_01a-370x235.png\" class=\"attachment-samurai_school-thumb-med size-samurai_school-thumb-med wp-post-image\" alt=\"Fitness &amp; Gesundheit\" \/><div class=\"mask\"><\/div><a href=\"https:\/\/karate-zentrum-pforzheim.de\/index.php\/services\/get-fit-healthy\/\" aria-hidden=\"true\" class=\"icons\"><span><\/span><span><\/span><span><\/span><\/a><\/div>\t<div class=\"sc_services_item_info\">\n\t\t<div class=\"sc_services_item_header\">\n\t\t\t<h4 class=\"sc_services_item_title\"><a href=\"https:\/\/karate-zentrum-pforzheim.de\/index.php\/services\/get-fit-healthy\/\">Fitness &amp; Gesundheit<\/a><\/h4>\n\t\t<\/div>\n\t\t\t\t\t<div class=\"sc_services_item_content\"><p>Karate h\u00e4lt k\u00f6rperlich fit und st\u00e4rkt zugleich Geist und Seele \u2013 es f\u00f6rdert die Konzentration.<\/p>\n<\/div>\t\t\t\t\t<div class=\"sc_services_item_button sc_item_button\"><a href=\"https:\/\/karate-zentrum-pforzheim.de\/index.php\/services\/get-fit-healthy\/\" class=\"sc_button sc_button_default sc_button_size_normal\">Mehr Infos<\/a><\/div>\n\n\t<\/div>\n<\/div>\n<\/div><div class=\"trx_addons_column-1_3\"><div class=\"sc_services_item with_icon sc_services_item_featured_top\">\n<div class=\"post_featured with_thumb hover_dots sc_services_item_thumb\"><img loading=\"lazy\" decoding=\"async\" width=\"370\" height=\"235\" src=\"https:\/\/karate-zentrum-pforzheim.de\/wp-content\/uploads\/2016\/11\/KankuDai-e1760001355251-370x235.jpg\" class=\"attachment-samurai_school-thumb-med size-samurai_school-thumb-med wp-post-image\" alt=\"Alle Katas erlernen\" \/><div class=\"mask\"><\/div><a href=\"https:\/\/karate-zentrum-pforzheim.de\/index.php\/services\/alle-katas\/\" aria-hidden=\"true\" class=\"icons\"><span><\/span><span><\/span><span><\/span><\/a><\/div>\t<div class=\"sc_services_item_info\">\n\t\t<div class=\"sc_services_item_header\">\n\t\t\t<h4 class=\"sc_services_item_title\"><a href=\"https:\/\/karate-zentrum-pforzheim.de\/index.php\/services\/alle-katas\/\">Alle Katas erlernen<\/a><\/h4>\n\t\t<\/div>\n\t\t\t\t\t<div class=\"sc_services_item_content\"><p>Katas im Karate sind festgelegte Abfolgen von Bewegungen und Techniken.<\/p>\n<\/div>\t\t\t\t\t<div class=\"sc_services_item_button sc_item_button\"><a href=\"https:\/\/karate-zentrum-pforzheim.de\/index.php\/services\/alle-katas\/\" class=\"sc_button sc_button_default sc_button_size_normal\">Mehr Infos<\/a><\/div>\n\n\t<\/div>\n<\/div>\n<\/div><\/div><\/div><!-- \/.sc_services -->[\/vc_column][\/vc_row][vc_row full_width=&#8220;stretch_row&#8220; scheme=&#8220;dark&#8220; css=&#8220;.vc_custom_1752504539011{padding-top: 6.3em !important;padding-bottom: 6.5em !important;background-image: url(http:\/\/localhost:8888\/wordpress\/wp-content\/uploads\/2025\/07\/karate-4060476_1920.jpg?id=2830) !important;background-position: center !important;background-repeat: no-repeat !important;background-size: cover !important;}&#8220;][vc_column][vc_column_text css=&#8220;.vc_custom_1757671225459{margin-bottom: 3.6em !important;}&#8220;]<\/p>\n<h6 style=\"text-align: center;\"><span style=\"color: #ffffff;\">Eure Meinungen \u00fcber uns<\/span><\/h6>\n<p>[\/vc_column_text]<div  id=\"sc_testimonials_1496499059\" class=\"sc_testimonials sc_testimonials_default swiper-slider-container slider_swiper slider_noresize slider_nocontrols slider_pagination\" data-slides-min-width=\"150\"\t\t>\n\t\t<div class=\"sc_testimonials_slider sc_item_slider slides swiper-wrapper\"><div class=\"swiper-slide\"><div class=\"sc_testimonials_item\">\n\t<div class=\"sc_testimonials_item_content\"><p>Das Karate-Training ist das Beste in der Stadt. Die Trainer sind toll, hilfsbereit und unterst\u00fctzend. Das neue Dojo ist ein Traum!<\/p>\n<\/div>\n\t<div class=\"sc_testimonials_item_author\">\n\t\t\t\t<div class=\"sc_testimonials_item_author_data\">\n\t\t\t<h4 class=\"sc_testimonials_item_author_title\">Niclas B.<\/h4>\n\t\t\t<div class=\"sc_testimonials_item_author_subtitle\"><\/div>\n\t\t<\/div>\n\t<\/div>\n<\/div>\n<\/div><div class=\"swiper-slide\"><div class=\"sc_testimonials_item\">\n\t<div class=\"sc_testimonials_item_content\"><p>Ich habe das erste Training mit dem Trainer sehr genossen. Vielen Dank f\u00fcr die gro\u00dfartige Gelegenheit und die tolle Erfahrung. Karate macht unheimlich viel Spa\u00df.<\/p>\n<\/div>\n\t<div class=\"sc_testimonials_item_author\">\n\t\t\t\t<div class=\"sc_testimonials_item_author_data\">\n\t\t\t<h4 class=\"sc_testimonials_item_author_title\">Andrea S.<\/h4>\n\t\t\t<div class=\"sc_testimonials_item_author_subtitle\"><\/div>\n\t\t<\/div>\n\t<\/div>\n<\/div>\n<\/div><div class=\"swiper-slide\"><div class=\"sc_testimonials_item\">\n\t<div class=\"sc_testimonials_item_content\"><p>Meine Kinder lieben den Karate-Unterricht. Der professionelle und individuelle Umgang ist in diesem Bereich entscheidend \u2013 deshalb vielen herzlichen Dank!<\/p>\n<\/div>\n\t<div class=\"sc_testimonials_item_author\">\n\t\t\t\t<div class=\"sc_testimonials_item_author_data\">\n\t\t\t<h4 class=\"sc_testimonials_item_author_title\">Bernd W.<\/h4>\n\t\t\t<div class=\"sc_testimonials_item_author_subtitle\"><\/div>\n\t\t<\/div>\n\t<\/div>\n<\/div>\n<\/div><\/div><div class=\"slider_pagination_wrap swiper-pagination\"><\/div><\/div><!-- \/.sc_testimonials -->[\/vc_column][\/vc_row][vc_row css=&#8220;.vc_custom_1479126766829{padding-top: 7.15em !important;}&#8220;][vc_column][\/vc_column][\/vc_row]<\/p>\n<\/div>","protected":false},"excerpt":{"rendered":"<p>[vc_row css=&#8220;.vc_custom_1479126491885{padding-bottom: 4.8em !important;}&#8220;][vc_column][\/vc_column][\/vc_row][vc_row full_width=&#8220;stretch_row&#8220; scheme=&#8220;dark&#8220; css=&#8220;.vc_custom_1752504539011{padding-top: 6.3em !important;padding-bottom: 6.5em !important;background-image: url(http:\/\/localhost:8888\/wordpress\/wp-content\/uploads\/2025\/07\/karate-4060476_1920.jpg?id=2830) !important;background-position: center !important;background-repeat: no-repeat !important;background-size: cover !important;}&#8220;][vc_column][vc_column_text css=&#8220;.vc_custom_1757671225459{margin-bottom: 3.6em !important;}&#8220;] Eure Meinungen \u00fcber uns [\/vc_column_text][\/vc_column][\/vc_row][vc_row css=&#8220;.vc_custom_1479126766829{padding-top: 7.15em !important;}&#8220;][vc_column][\/vc_column][\/vc_row]<\/p>\n","protected":false},"author":2,"featured_media":0,"parent":0,"menu_order":0,"comment_status":"closed","ping_status":"closed","template":"","meta":{"footnotes":""},"class_list":["post-278","page","type-page","status-publish","hentry"],"_links":{"self":[{"href":"https:\/\/karate-zentrum-pforzheim.de\/index.php\/wp-json\/wp\/v2\/pages\/278","targetHints":{"allow":["GET"]}}],"collection":[{"href":"https:\/\/karate-zentrum-pforzheim.de\/index.php\/wp-json\/wp\/v2\/pages"}],"about":[{"href":"https:\/\/karate-zentrum-pforzheim.de\/index.php\/wp-json\/wp\/v2\/types\/page"}],"author":[{"embeddable":true,"href":"https:\/\/karate-zentrum-pforzheim.de\/index.php\/wp-json\/wp\/v2\/users\/2"}],"replies":[{"embeddable":true,"href":"https:\/\/karate-zentrum-pforzheim.de\/index.php\/wp-json\/wp\/v2\/comments?post=278"}],"version-history":[{"count":15,"href":"https:\/\/karate-zentrum-pforzheim.de\/index.php\/wp-json\/wp\/v2\/pages\/278\/revisions"}],"predecessor-version":[{"id":3481,"href":"https:\/\/karate-zentrum-pforzheim.de\/index.php\/wp-json\/wp\/v2\/pages\/278\/revisions\/3481"}],"wp:attachment":[{"href":"https:\/\/karate-zentrum-pforzheim.de\/index.php\/wp-json\/wp\/v2\/media?parent=278"}],"curies":[{"name":"wp","href":"https:\/\/api.w.org\/{rel}","templated":true}]}}