{"id":308,"date":"2025-10-01T14:37:10","date_gmt":"2025-10-01T12:37:10","guid":{"rendered":"http:\/\/localhost:8888\/wordpress\/?page_id=308"},"modified":"2025-10-23T15:00:06","modified_gmt":"2025-10-23T13:00:06","slug":"ueber-uns","status":"publish","type":"page","link":"https:\/\/karate-zentrum-pforzheim.de\/index.php\/ueber-uns\/","title":{"rendered":"\u00dcber unseren Verein"},"content":{"rendered":"<div class=\"wpb-content-wrapper\"><p>[vc_row full_width=&#8220;stretch_row&#8220; css=&#8220;.vc_custom_1478698262882{padding-top: 7em !important;padding-bottom: 9em !important;background-image: url(#) !important;background-position: center !important;background-repeat: no-repeat !important;background-size: cover !important;}&#8220;][vc_column width=&#8220;5\/12&#8243;][vc_column_text css=&#8220;&#8220;]<\/p>\n<h6 class=\"trx_addons_no_margins\" style=\"margin-bottom: 0.5em;\">Willkommen<\/h6>\n<h3 class=\"trx_addons_no_margins\" style=\"margin-bottom: 0.95em;\">Unsere philosophie<\/h3>\n<p style=\"text-align: left; padding-right: 25%;\">Neben der k\u00f6rperlichen Technik steht die pers\u00f6nliche Entwicklung im Mittelpunkt \u2013 Respekt, Selbstkontrolle und innerer Frieden sind zentrale Werte. Karate ist daher nicht nur ein Kampfsport zur Selbstverteidigung, sondern ein lebenslanger Weg zur Selbstvervollkommnung.<\/p>\n<p>[\/vc_column_text][\/vc_column][vc_column width=&#8220;1\/4&#8243;][\/vc_column][vc_column width=&#8220;1\/3&#8243;][vc_column_text css_animation=&#8220;bounceInRight&#8220; css=&#8220;.vc_custom_1759912431205{margin-bottom: 3em !important;}&#8220;]<img loading=\"lazy\" decoding=\"async\" class=\"alignnone wp-image-2819 size-medium\" src=\"http:\/\/localhost:8888\/wordpress\/wp-content\/uploads\/2025\/07\/Firefly-Karate-kaempfen-trainieren-765138-300x233.jpg\" alt=\"\" width=\"300\" height=\"233\" srcset=\"https:\/\/karate-zentrum-pforzheim.de\/wp-content\/uploads\/2025\/07\/Firefly-Karate-kaempfen-trainieren-765138-300x233.jpg 300w, https:\/\/karate-zentrum-pforzheim.de\/wp-content\/uploads\/2025\/07\/Firefly-Karate-kaempfen-trainieren-765138-1024x796.jpg 1024w, https:\/\/karate-zentrum-pforzheim.de\/wp-content\/uploads\/2025\/07\/Firefly-Karate-kaempfen-trainieren-765138-768x597.jpg 768w, https:\/\/karate-zentrum-pforzheim.de\/wp-content\/uploads\/2025\/07\/Firefly-Karate-kaempfen-trainieren-765138-1536x1195.jpg 1536w, https:\/\/karate-zentrum-pforzheim.de\/wp-content\/uploads\/2025\/07\/Firefly-Karate-kaempfen-trainieren-765138-2048x1593.jpg 2048w, https:\/\/karate-zentrum-pforzheim.de\/wp-content\/uploads\/2025\/07\/Firefly-Karate-kaempfen-trainieren-765138-370x288.jpg 370w, https:\/\/karate-zentrum-pforzheim.de\/wp-content\/uploads\/2025\/07\/Firefly-Karate-kaempfen-trainieren-765138-770x599.jpg 770w, https:\/\/karate-zentrum-pforzheim.de\/wp-content\/uploads\/2025\/07\/Firefly-Karate-kaempfen-trainieren-765138-600x467.jpg 600w\" sizes=\"auto, (max-width: 300px) 100vw, 300px\" \/>[\/vc_column_text][vc_empty_space height=&#8220;1em&#8220; alter_height=&#8220;none&#8220; hide_on_mobile=&#8220;&#8220;][vc_column_text css=&#8220;&#8220;]\u201eDas ultimative Ziel des Karate liegt nicht im Sieg oder in der Niederlage, sondern in der Vervollkommnung des Charakters seines Aus\u00fcbenden.\u201c <strong data-start=\"40\" data-end=\"60\">Gichin Funakoshi<\/strong>[\/vc_column_text][\/vc_column][\/vc_row][vc_row][vc_column][vc_column_text css=&#8220;&#8220;]<\/p>\n<h6 class=\"trx_addons_no_margins\">Tradition seit 1972<\/h6>\n<h3 class=\"trx_addons_no_margins\">Unser Verein<\/h3>\n<p>Seit 1972 sind wir mit <strong>Karate in Pforzheim<\/strong> vertreten und bis heute k\u00f6nnen Sie dort Karate aus erster Hand erlernen. Gr\u00fcndungsmitglieder waren unter anderem der damalige Bundestrainer Bernhard G\u00f6tz und Europameister Richard Scherer. Im Jahre 79 \u00fcbernahm <a href=\"\/index.php\/team\/hans-koerner\/\"><strong>Hans K\u00f6rner,<\/strong><\/a> zu dieser Zeit Mitglied der Deutschen Nationalmannschaft, das Training. Hier ging es auch im Wettkampf aufw\u00e4rts. Viele Siege und Platzierungen auf Landes- und Bundesebene in Kata \/ Kumite Einzel und in der Mannschaft sind die Lohn vieler Trainingseinheiten. Im Jahre 83 \u00fcbernahm Hans K\u00f6rner auch den Vorsitz des Vereins.<\/p>\n<p>Im Jahre 88 wurde eine Kinderabteilung ins Leben gerufen, die mittlerweile auf 75 Kinder und Jugendliche im Alter von 5 \u2013 14 Jahren angewachsen ist. Wir sind Mitglied im Deutschen JKA Karate Bund, Badischer Turner Bund und im Badischen Sportbund (BSB). Ein erfahrenes Team \u00a0\u00dcbungsleitern\/innen unter der Leitung von Sensei <a href=\"\/index.php\/team\/enwe-ferizi\/\"><strong>Enwe Ferizi<\/strong> <\/a>(6. Dan JKA, Leitung seit 26.7.2021) unterrichtet und trainiert vom Anf\u00e4nger bis zum Fortgeschrittenen.<\/p>\n<p>Im vereinseigenen Trainingszentrum (Dojo) bieten wir den Mitgliedern \u2013 vom Anf\u00e4nger bis zum Meister \u2013 die M\u00f6glichkeit, Karate als Breitensport, Wettkampfsport und zur Selbstverteidigung auszu\u00fcben. Fortlaufende Anf\u00e4ngerkurse von 5 \u2013 85 Jahren runden das Angebot des Vereins ab. Einzelunterricht und Wochenendkurse f\u00fcr F\u00fchrungskr\u00e4fte und Selbstverteidigungslehrg\u00e4nge sind weitere Angebote.<br \/>\nSeit neuestem bieten wir auch wieder <a href=\"\/index.php\/services\/vormittags-training\/\"><strong>Vormittags-Training<\/strong><\/a> zweimal w\u00f6chentlich an, sowie <a href=\"\/index.php\/services\/kinder-karate\/\"><strong>Kinder-Karate<\/strong><\/a>.<\/p>\n<p><a href=\"http:\/\/www.djkb.com\" target=\"_blank\" rel=\"noopener\"><img loading=\"lazy\" decoding=\"async\" class=\"alignnone wp-image-2799 size-full\" src=\"https:\/\/rleve.de\/dbader\/wp-content\/uploads\/2025\/07\/djkb-hf-pos-small.webp\" alt=\"\" width=\"121\" height=\"150\" \/><\/a>[\/vc_column_text][vc_single_image image=&#8220;3431&#8243; img_size=&#8220;large&#8220; add_caption=&#8220;yes&#8220; css_animation=&#8220;bounceInUp&#8220; css=&#8220;&#8220; title=&#8220;unser Dojo&#8220;][vc_empty_space hide_on_mobile=&#8220;&#8220;][\/vc_column][\/vc_row][vc_row full_width=&#8220;stretch_row&#8220; scheme=&#8220;dark&#8220; css=&#8220;.vc_custom_1752067304696{padding-top: 5.6em !important;padding-bottom: 8.25em !important;background-image: url(http:\/\/localhost:8888\/wordpress\/wp-content\/uploads\/2025\/07\/black_bg.jpg?id=2904) !important;background-position: center !important;background-repeat: no-repeat !important;background-size: cover !important;}&#8220;][vc_column][vc_column_text css=&#8220;&#8220;]<\/p>\n<h6 style=\"text-align: center; margin-bottom: 2.7em;\">Unsere Ergebnisse in Zahlen<\/h6>\n<p style=\"text-align: center;\">Eine Studie ergab, dass Kinder, die Kampfsport betreiben, ein st\u00e4rkeres Verantwortungsbewusstsein und ein h\u00f6heres Selbstwertgef\u00fchl entwickeln.<\/p>\n<p>[\/vc_column_text]<div id=\"sc_skills_1569432642\"\n\t\tclass=\"sc_skills sc_skills_counter  vc_custom_1752048854352\"\n\t\t\t\tdata-type=\"counter\"\n\t\t><div class=\"sc_skills_columns sc_item_columns trx_addons_columns_wrap columns_padding_bottom\"><div class=\"sc_skills_column trx_addons_column-1_4\"><div class=\"sc_skills_item_wrap\"><div class=\"sc_skills_item\"><div class=\"sc_skills_total\" data-start=\"0\" data-stop=\"31\" data-step=\"2\" data-max=\"200\" data-speed=\"32\" data-duration=\"496\" data-ed=\"\">0<\/div><\/div><div class=\"sc_skills_item_title\">Nationale Erfolge<\/div><\/div><\/div><div class=\"sc_skills_column trx_addons_column-1_4\"><div class=\"sc_skills_item_wrap\"><div class=\"sc_skills_item\"><div class=\"sc_skills_total\" data-start=\"0\" data-stop=\"39\" data-step=\"2\" data-max=\"200\" data-speed=\"23\" data-duration=\"449\" data-ed=\"\">0<\/div><\/div><div class=\"sc_skills_item_title\">Stadt-Meisterschaften<\/div><\/div><\/div><div class=\"sc_skills_column trx_addons_column-1_4\"><div class=\"sc_skills_item_wrap\"><div class=\"sc_skills_item\"><div class=\"sc_skills_total\" data-start=\"0\" data-stop=\"76\" data-step=\"2\" data-max=\"200\" data-speed=\"39\" data-duration=\"1482\" data-ed=\"\">0<\/div><\/div><div class=\"sc_skills_item_title\">1. Pl\u00e4tze bei Turnieren<\/div><\/div><\/div><div class=\"sc_skills_column trx_addons_column-1_4\"><div class=\"sc_skills_item_wrap\"><div class=\"sc_skills_item\"><div class=\"sc_skills_total\" data-start=\"0\" data-stop=\"148\" data-step=\"2\" data-max=\"200\" data-speed=\"12\" data-duration=\"888\" data-ed=\"\">0<\/div><\/div><div class=\"sc_skills_item_title\">Alle Titel<\/div><\/div><\/div><\/div><\/div>[\/vc_column][\/vc_row][vc_row css=&#8220;.vc_custom_1478704703112{padding-top: 7.15em !important;padding-bottom: 7em !important;}&#8220;][vc_column][\/vc_column][\/vc_row][vc_row full_width=&#8220;stretch_row_content_no_spaces&#8220;][vc_column]<div id=\"sc_googlemap_1779122107_wrap\" class=\"sc_googlemap_wrap\"><div id=\"sc_googlemap_1779122107\"\n\t\t\tclass=\"sc_googlemap sc_googlemap_default\"\n\t\t\t style=\"width:100%;height:272px;\"\t\t\tdata-zoom=\"14\"\n\t\t\tdata-style=\"dark\"\n\n\n\t\t><iframe\n\t\t\t\tsrc=\"https:\/\/maps.google.com\/maps?t=m&output=embed&iwloc=near&z=14&q=Karate-Zentrum+Pforzheim%2C+Kutscherweg+124%2C+75179+Pforzheim\"\n\t\t\t\tscrolling=\"no\"\n\t\t\t\tmarginheight=\"0\"\n\t\t\t\tmarginwidth=\"0\"\n\t\t\t\tframeborder=\"0\"\n\t\t\t\taria-label=\"One\"><\/iframe><\/div><\/div><!-- \/.sc_googlemap_wrap -->[\/vc_column][\/vc_row]<\/p>\n<\/div>","protected":false},"excerpt":{"rendered":"<p>[vc_row full_width=&#8220;stretch_row&#8220; css=&#8220;.vc_custom_1478698262882{padding-top: 7em !important;padding-bottom: 9em !important;background-image: url(#) !important;background-position: center !important;background-repeat: no-repeat !important;background-size: cover !important;}&#8220;][vc_column width=&#8220;5\/12&#8243;][vc_column_text css=&#8220;&#8220;] Willkommen Unsere philosophie Neben der k\u00f6rperlichen Technik steht die pers\u00f6nliche Entwicklung im Mittelpunkt \u2013 Respekt, Selbstkontrolle und innerer Frieden sind zentrale Werte. Karate ist daher nicht nur ein Kampfsport zur Selbstverteidigung, sondern ein lebenslanger Weg zur Selbstvervollkommnung. [\/vc_column_text][\/vc_column][vc_column width=&#8220;1\/4&#8243;][\/vc_column][vc_column width=&#8220;1\/3&#8243;][vc_column_text css_animation=&#8220;bounceInRight&#8220; css=&#8220;.vc_custom_1759912431205{margin-bottom: 3em&hellip;<\/p>\n","protected":false},"author":2,"featured_media":0,"parent":0,"menu_order":0,"comment_status":"closed","ping_status":"closed","template":"","meta":{"footnotes":""},"class_list":["post-308","page","type-page","status-publish","hentry"],"_links":{"self":[{"href":"https:\/\/karate-zentrum-pforzheim.de\/index.php\/wp-json\/wp\/v2\/pages\/308","targetHints":{"allow":["GET"]}}],"collection":[{"href":"https:\/\/karate-zentrum-pforzheim.de\/index.php\/wp-json\/wp\/v2\/pages"}],"about":[{"href":"https:\/\/karate-zentrum-pforzheim.de\/index.php\/wp-json\/wp\/v2\/types\/page"}],"author":[{"embeddable":true,"href":"https:\/\/karate-zentrum-pforzheim.de\/index.php\/wp-json\/wp\/v2\/users\/2"}],"replies":[{"embeddable":true,"href":"https:\/\/karate-zentrum-pforzheim.de\/index.php\/wp-json\/wp\/v2\/comments?post=308"}],"version-history":[{"count":64,"href":"https:\/\/karate-zentrum-pforzheim.de\/index.php\/wp-json\/wp\/v2\/pages\/308\/revisions"}],"predecessor-version":[{"id":3591,"href":"https:\/\/karate-zentrum-pforzheim.de\/index.php\/wp-json\/wp\/v2\/pages\/308\/revisions\/3591"}],"wp:attachment":[{"href":"https:\/\/karate-zentrum-pforzheim.de\/index.php\/wp-json\/wp\/v2\/media?parent=308"}],"curies":[{"name":"wp","href":"https:\/\/api.w.org\/{rel}","templated":true}]}}